{"id":319,"date":"2018-05-24T14:08:09","date_gmt":"2018-05-24T14:08:09","guid":{"rendered":"http:\/\/kiwikerstin.musikundsprachen.de\/?page_id=319"},"modified":"2021-02-09T09:55:29","modified_gmt":"2021-02-09T09:55:29","slug":"datenschutz","status":"publish","type":"page","link":"https:\/\/kiwikerstin.musikundsprachen.de\/?page_id=319","title":{"rendered":"Datenschutz"},"content":{"rendered":"<p>Ich freue mich \u00fcber Ihr Interesse an meiner Website. Der Schutz Ihrer Privatsph\u00e4re ist f\u00fcr mich sehr wichtig. Nachstehend informieren ich Sie ausf\u00fchrlich \u00fcber den Umgang mit Ihren Daten.<\/p>\n<p>(1) Verantwortliche Stelle<br \/>\nVerantwortliche Stelle im Sinne des Bundesdatenschutzgesetzes (BDSG) ist &#8220;SeeULausitz&#8221;, Inh. Kerstin Scholz, Spohla 117, 02997 Wittichenau.<\/p>\n<p>(2) Erhebung, Verarbeitung und Nutzung von Daten<br \/>\nSie k\u00f6nnen meine Seite besuchen, ohne Angaben zu Ihrer Person zu machen. Ich speichern lediglich Zugriffsdaten ohne Personenbezug wie z.B. den [Namen Ihres Internet Service Providers, die Seite, von der aus Sie uns besuchen oder den Namen der angeforderten Datei]. Diese Daten werden ausschlie\u00dflich zur Verbesserung meines Angebotes ausgewertet und erlauben keinen R\u00fcckschluss auf Ihre Person.<\/p>\n<p>Personenbezogene Daten werden nur erhoben, wenn Sie mir diese im Rahmen Ihrer Warenbestellung, Buch-\/Produkt-\/Filmempfehlung (Affiliate-Marketing) oder bei Er\u00f6ffnung eines Kundenkontos freiwillig mitteilen. Ich verwenden die von ihnen mitgeteilten Daten ohne Ihre gesonderte Einwilligung ausschlie\u00dflich zur Erf\u00fcllung und Abwicklung Ihrer Bestellung. Mit vollst\u00e4ndiger Abwicklung des Vertrages und vollst\u00e4ndiger Kaufpreiszahlung werden Ihre Daten f\u00fcr die weitere Verwendung gesperrt und nach Ablauf der steuer- und handelsrechtlichen Aufbewahrungsfristen gel\u00f6scht, sofern Sie nicht ausdr\u00fccklich in die weitere Nutzung Ihrer Daten eingewilligt haben. Bei Anmeldung zum Newsletter wird Ihre E-Mail-Adresse mit Ihrer Einwilligung f\u00fcr eigene Werbezwecke genutzt, bis Sie sich vom Newsletter abmelden. Die Abmeldung ist jederzeit m\u00f6glich.<\/p>\n<p>(2.1) Internetseite &#8220;kiwikerstin.MusikundSprachen.de&#8221;<br \/>\nGrunds\u00e4tzlich werden f\u00fcr die Nutzung der Internetseite &#8220;kiwikerstin.MusikundSprachen.de&#8221; keine personenbezogenen Daten erhoben und gespeichert.<br \/>\nEinzige Ausnahme hierzu ist die Erfassung einer Anfrage. Die hier erhobenen personenbezogene Daten verhindern eine anonyme Anfrage und Verwendung einer anderen Identit\u00e4t. Folgende Angaben sind Pflichtfelder:<br \/>\n&#8211; E-Mail<br \/>\n&#8211; Vorname<br \/>\n&#8211; Nachname<br \/>\n&#8211; Nachricht<br \/>\nsowie bei Onlineberatung:<br \/>\n&#8211; Auswahl Onlineberatung<br \/>\n&#8211; Auswahl gew\u00fcnschte Videokonferenz<\/p>\n<p>(2.2) personenbezogene Daten bei Vertr\u00e4gen<br \/>\nDaten aus der Erf\u00fcllung der vertraglichen Pflichten (wie z.B. Name, Vorname, Geburtsdatum, gesetzlicher Vertreter, Strasse, Plz, Ort, Telefon, e-mail).<\/p>\n<p>(2.3) Weitergabe an Dritte<br \/>\nDie vom Nutzer im Rahmen der Anfrage angegebenen personenbezogenen Daten werden von SeeULausitz vertraulich behandelt. Es erfolgt keine Weitergabe an Dritte ohne vorherige Einwilligung des Nutzers. Der Nutzer erkl\u00e4rt sich mit der Speicherung seiner Daten im Rahmen der Anfrage einverstanden.<br \/>\nEine Weitergabe Ihrer Daten erfolgt an das mit der Lieferung beauftragte Versandunternehmen, soweit dies zur Lieferung der Waren notwendig ist. Zur Abwicklung von Zahlungen gebe ich Ihre Zahlungsdaten an das mit der Zahlung beauftragte Kreditinstitut weiter<\/p>\n<p>(3) Verwendung von Cookies<br \/>\nAuf verschiedenen Seiten verwenden wir Cookies, um den Besuch unserer Website attraktiv zu gestalten und die Nutzung bestimmter Funktionen zu erm\u00f6glichen. Hierbei handelt es sich um kleine Textdateien, die auf Ihrem Rechner abgelegt werden. Die meisten der von uns verwendeten Cookies werden nach Ende der Browser-Sitzung wieder von Ihrer Festplatte gel\u00f6scht (sog. Sitzungs-Cookies). Andere Cookies verbleiben auf Ihrem Rechner und erm\u00f6glichen uns, Ihren Rechner bei Ihrem n\u00e4chsten Besuch wieder zu erkennen (sog. dauerhafte Cookies). Diese Cookies dienen der Begr\u00fc\u00dfung mit Ihrem Benutzernamen und er\u00fcbrigen Ihnen bei Folgebestellungen die erneute Eingabe Ihres Passwortes oder das Ausf\u00fcllen von Formularen mit Ihren Daten. Meinen Partnerunternehmen ist es nicht gestattet, \u00fcber unsere Website personenbezogene Daten mittels Cookies zu erheben, zu verarbeiten oder zu nutzen.<\/p>\n<p>(4) Auskunfts-\/ Berichtigungsrecht<br \/>\nNach Artikel 15 DSGVO haben Sie ein Recht auf unentgeltliche Auskunft \u00fcber Ihre gespeicherten Daten sowie ggf. nach Artkel 16 DSGVO das Recht auf Berichtigung, sowie nach Artikel 17 DSGVO das Recht auf L\u00f6schung dieser Daten.<\/p>\n<p>(5) Widerrufsrecht<br \/>\nDer Nutzer hat das Recht, eine erteilte Einwilligung mit Wirkung f\u00fcr die Zukunft jederzeit zu widerrufen.<\/p>\n<p>(6) L\u00f6schung personenbezogener Daten<br \/>\nDie L\u00f6schung der gespeicherten personenbezogenen Daten erfolgt, wenn der Nutzer die Einwilligung zur Speicherung widerruft, wenn Ihre Kenntnis zur Erf\u00fcllung des mit der Speicherung verfolgten Zwecks nicht mehr erforderlich ist, das Vertragsverh\u00e4ltnis beendet ist oder wenn Ihre Speicherung aus sonstigen gesetzlichen Gr\u00fcnden unzul\u00e4ssig ist. Daten f\u00fcr Abrechnungszwecke und buchhalterische Zwecke werden von einem L\u00f6schungsverlangen nicht ber\u00fchrt.<\/p>\n<p>(7) Datensicherheit<br \/>\nIch sichere unsere Website und sonstigen Systeme durch technische und organisatorische Ma\u00dfnahmen gegen Verlust, Zerst\u00f6rung, Zugriff, Ver\u00e4nderung oder Verbreitung Ihrer Daten durch unbefugte Personen. Der Zugang zu Ihrem Kundenkonto ist nur nach Eingabe Ihres pers\u00f6nlichen Passwortes m\u00f6glich. Sie sollten Ihre Zugangsinformationen stets vertraulich behandeln und das Browserfenster schlie\u00dfen, wenn Sie die Kommunikation mit uns beendet haben, insbesondere wenn Sie den Computer gemeinsam mit anderen nutzen.<\/p>\n<p>Auf dieser Website werden durch Technologien der etracker GmbH (www.etracker.de) Daten in anonymisierter Form zu Marketing- und Optimierungszwecken gesammelt und gespeichert. Aus diesen Daten werden unter einem Pseudonym Nutzungsprofile erstellt. Hierzu k\u00f6nnen Cookies eingesetzt werden, die allerdings Daten ausschlie\u00dflich in pseudonymer Form sammeln und speichern. Die Daten werden nicht dazu benutzt, den Besucher dieser Website pers\u00f6nlich zu identifizieren und werden nicht mit Daten \u00fcber den Tr\u00e4ger des Pseudonyms zusammengef\u00fchrt. Der Datensammlung und -speicherung kann jederzeit mit Wirkung f\u00fcr die Zukunft widersprochen werden.<\/p>\n<p>(8) Ansprechpartner f\u00fcr Datenschutz<br \/>\nBei Fragen zur Erhebung, Verarbeitung oder Nutzung Ihrer personenbezogenen Daten, bei Ausk\u00fcnften, Berichtigung, Sperrung oder L\u00f6schung von Daten sowie Widerruf erteilter Einwilligungen wenden Sie sich bitte an: &#8220;SeeULausitz&#8221;, Inh. Kerstin Scholz, Spohla 117, 02997 Wittichenau, kerstin.scholz(at)musikundsprachen.de<\/p>\n<p>(9) Auftragsverarbeitung<br \/>\nIhre personenbezogene Daten werden vom Hostanbieter als Auftragsverarbeiter nach Art. 28 DSGVO (Datenschutzgrundverordnung) verarbeitet. Hierzu wurde erfolgreich eine Vereinbarung zur Auftragsverarbeitung mit STRATO abgeschlossen.<\/p>\n","protected":false},"excerpt":{"rendered":"<p>Ich freue mich \u00fcber Ihr Interesse an meiner Website. Der Schutz Ihrer Privatsph\u00e4re ist f\u00fcr mich sehr wichtig. Nachstehend informieren<\/p>\n","protected":false},"author":1,"featured_media":0,"parent":0,"menu_order":0,"comment_status":"closed","ping_status":"closed","template":"","meta":{"spay_email":""},"jetpack_sharing_enabled":true,"jetpack_shortlink":"https:\/\/wp.me\/PaGcX1-59","jetpack_likes_enabled":true,"_links":{"self":[{"href":"https:\/\/kiwikerstin.musikundsprachen.de\/index.php?rest_route=\/wp\/v2\/pages\/319"}],"collection":[{"href":"https:\/\/kiwikerstin.musikundsprachen.de\/index.php?rest_route=\/wp\/v2\/pages"}],"about":[{"href":"https:\/\/kiwikerstin.musikundsprachen.de\/index.php?rest_route=\/wp\/v2\/types\/page"}],"author":[{"embeddable":true,"href":"https:\/\/kiwikerstin.musikundsprachen.de\/index.php?rest_route=\/wp\/v2\/users\/1"}],"replies":[{"embeddable":true,"href":"https:\/\/kiwikerstin.musikundsprachen.de\/index.php?rest_route=%2Fwp%2Fv2%2Fcomments&post=319"}],"version-history":[{"count":2,"href":"https:\/\/kiwikerstin.musikundsprachen.de\/index.php?rest_route=\/wp\/v2\/pages\/319\/revisions"}],"predecessor-version":[{"id":1465,"href":"https:\/\/kiwikerstin.musikundsprachen.de\/index.php?rest_route=\/wp\/v2\/pages\/319\/revisions\/1465"}],"wp:attachment":[{"href":"https:\/\/kiwikerstin.musikundsprachen.de\/index.php?rest_route=%2Fwp%2Fv2%2Fmedia&parent=319"}],"curies":[{"name":"wp","href":"https:\/\/api.w.org\/{rel}","templated":true}]}}