{"id":234,"date":"2017-09-15T07:47:25","date_gmt":"2017-09-15T07:47:25","guid":{"rendered":"http:\/\/kiwikerstin.musikundsprachen.de\/?page_id=234"},"modified":"2019-02-07T07:35:06","modified_gmt":"2019-02-07T07:35:06","slug":"film-empfehlungen","status":"publish","type":"page","link":"https:\/\/kiwikerstin.musikundsprachen.de\/?page_id=234","title":{"rendered":"Filmempfehlungen"},"content":{"rendered":"<h1>Auslandsjahr, Abitur in Neuseeland<\/h1>\n\n<table id=\"tablepress-2\" class=\"tablepress tablepress-id-2\">\n<thead>\n<tr class=\"row-1 odd\">\n\t<th class=\"column-1\">Film<\/th><th class=\"column-2\">Beschreibung*<\/th>\n<\/tr>\n<\/thead>\n<tbody class=\"row-hover\">\n<tr class=\"row-2 even\">\n\t<td class=\"column-1\"><iframe style=\"width: 120px; height: 240px;\" src=\"\/\/ws-eu.amazon-adsystem.com\/widgets\/q?ServiceVersion=20070822&amp;OneJS=1&amp;Operation=GetAdHtml&amp;MarketPlace=DE&amp;source=ac&amp;ref=tf_til&amp;ad_type=product_link&amp;tracking_id=sul0102-21&amp;marketplace=amazon&amp;region=DE&amp;placement=B001ALCVDW&amp;asins=B001ALCVDW&amp;linkId=83b3a8d42bf8a816de9c07b713d82a0a&amp;show_border=true&amp;link_opens_in_new_window=true&amp;price_color=333333&amp;title_color=0066c0&amp;bg_color=ffffff\" width=\"300\" height=\"150\" frameborder=\"0\" marginwidth=\"0\" marginheight=\"0\" scrolling=\"no\"><br \/>\n<\/iframe><br \/>\n<\/td><td class=\"column-2\">Die Filmemacher Silke Schranz und Christian W\u00fcstenberg kaufen sich zu Beginn ihrer Neuseelandreise eine alte 21 Jahre alte Rostlaube. Auf eigene Faust legen sie damit 10.000 Kilometer auf der Nord- und S\u00fcdinsel zur\u00fcck. ...<\/td>\n<\/tr>\n<tr class=\"row-3 odd\">\n\t<td class=\"column-1\"><iframe style=\"width: 120px; height: 240px;\" src=\"\/\/ws-eu.amazon-adsystem.com\/widgets\/q?ServiceVersion=20070822&amp;OneJS=1&amp;Operation=GetAdHtml&amp;MarketPlace=DE&amp;source=ac&amp;ref=tf_til&amp;ad_type=product_link&amp;tracking_id=sul0102-21&amp;marketplace=amazon&amp;region=DE&amp;placement=B016TN9KFW&amp;asins=B016TN9KFW&amp;linkId=e3f95f5486ed42a2c5e0f03cff30a41b&amp;show_border=true&amp;link_opens_in_new_window=true&amp;price_color=333333&amp;title_color=0066c0&amp;bg_color=ffffff\" width=\"300\" height=\"150\" frameborder=\"0\" marginwidth=\"0\" marginheight=\"0\" scrolling=\"no\"><br \/>\n<\/iframe><br \/>\n<\/td><td class=\"column-2\">Neuseeland der Film. Der Kinofilm auf 2 DVDs ...<\/td>\n<\/tr>\n<tr class=\"row-4 even\">\n\t<td class=\"column-1\"><iframe style=\"width: 120px; height: 240px;\" src=\"\/\/ws-eu.amazon-adsystem.com\/widgets\/q?ServiceVersion=20070822&amp;OneJS=1&amp;Operation=GetAdHtml&amp;MarketPlace=DE&amp;source=ac&amp;ref=tf_til&amp;ad_type=product_link&amp;tracking_id=sul0102-21&amp;marketplace=amazon&amp;region=DE&amp;placement=B00H3QBI5A&amp;asins=B00H3QBI5A&amp;linkId=12eef1158fb2efa861a2b2a3f8e1ed42&amp;show_border=true&amp;link_opens_in_new_window=true&amp;price_color=333333&amp;title_color=0066c0&amp;bg_color=ffffff\" width=\"300\" height=\"150\" frameborder=\"0\" marginwidth=\"0\" marginheight=\"0\" scrolling=\"no\"><br \/>\n<\/iframe><br \/>\n<\/td><td class=\"column-2\">NEUSEELAND - NORDINSEL &amp; S\u00dcDINSEL<br \/>\nTraumstra\u00dfen entlang unber\u00fchrter K\u00fcsten und schneebedeckte Gipfel \u00fcber immergr\u00fcnem Regenwald, rauchende Vulkane und brodelnde thermale Wunderwelten, idyllisches Farmland und geschichtstr\u00e4chtige Orte mit stolzer Maorikultur auf heiligem Land. Das alles ist Neuseeland - und noch viel mehr! ...<\/td>\n<\/tr>\n<tr class=\"row-5 odd\">\n\t<td class=\"column-1\"><iframe style=\"width: 120px; height: 240px;\" src=\"\/\/ws-eu.amazon-adsystem.com\/widgets\/q?ServiceVersion=20070822&amp;OneJS=1&amp;Operation=GetAdHtml&amp;MarketPlace=DE&amp;source=ac&amp;ref=tf_til&amp;ad_type=product_link&amp;tracking_id=sul0102-21&amp;marketplace=amazon&amp;region=DE&amp;placement=B00O2H8F8Q&amp;asins=B00O2H8F8Q&amp;linkId=aaea508fe0c34e5429795c61e3d96e0f&amp;show_border=true&amp;link_opens_in_new_window=true&amp;price_color=333333&amp;title_color=0066c0&amp;bg_color=ffffff\" width=\"300\" height=\"150\" frameborder=\"0\" marginwidth=\"0\" marginheight=\"0\" scrolling=\"no\"><br \/>\n<\/iframe><br \/>\n<br \/>\n<\/td><td class=\"column-2\">Die Bewohner eines kleinen neuseel\u00e4ndischen K\u00fcstenorts f\u00fchren ihre Herkunft auf Paikea, den Walreiter, zur\u00fcck. Seit \u00fcber tausend Jahren tr\u00e4gt ein m\u00e4nnlicher Nachfahre aus jeder Generation diesen Titel. Nun ist die Zeit f\u00fcr einen neuen Erben gekommen. ...<\/td>\n<\/tr>\n<tr class=\"row-6 even\">\n\t<td class=\"column-1\"><iframe style=\"width:120px;height:240px;\" marginwidth=\"0\" marginheight=\"0\" scrolling=\"no\" frameborder=\"0\" src=\"\/\/ws-eu.amazon-adsystem.com\/widgets\/q?ServiceVersion=20070822&amp;OneJS=1&amp;Operation=GetAdHtml&amp;MarketPlace=DE&amp;source=ac&amp;ref=qf_sp_asin_til&amp;ad_type=product_link&amp;tracking_id=sul0102-21&amp;marketplace=amazon&amp;region=DE&amp;placement=B00E97YNNK&amp;asins=B00E97YNNK&amp;linkId=b53b7ba24e5f61aaa9d8550efa980227&amp;show_border=true&amp;link_opens_in_new_window=true&amp;price_color=333333&amp;title_color=0066c0&amp;bg_color=ffffff\"><br \/>\n    <\/iframe><\/td><td class=\"column-2\">In Nelson, New Zealand, twelve-year-old Ben (Edward Hall) plans to build the race winning Kiwi Flyer for this years trolley derby. ...<\/td>\n<\/tr>\n<\/tbody>\n<\/table>\n\n<p>*ausf\u00fchrliche Beschreibung siehe unter Bildlink bzw. auf www.amazon.de<\/p>\n","protected":false},"excerpt":{"rendered":"<p>Auslandsjahr, Abitur in Neuseeland *ausf\u00fchrliche Beschreibung siehe unter Bildlink bzw. auf www.amazon.de<\/p>\n","protected":false},"author":1,"featured_media":0,"parent":0,"menu_order":0,"comment_status":"closed","ping_status":"closed","template":"","meta":{"spay_email":""},"jetpack_sharing_enabled":true,"jetpack_shortlink":"https:\/\/wp.me\/PaGcX1-3M","jetpack_likes_enabled":true,"_links":{"self":[{"href":"https:\/\/kiwikerstin.musikundsprachen.de\/index.php?rest_route=\/wp\/v2\/pages\/234"}],"collection":[{"href":"https:\/\/kiwikerstin.musikundsprachen.de\/index.php?rest_route=\/wp\/v2\/pages"}],"about":[{"href":"https:\/\/kiwikerstin.musikundsprachen.de\/index.php?rest_route=\/wp\/v2\/types\/page"}],"author":[{"embeddable":true,"href":"https:\/\/kiwikerstin.musikundsprachen.de\/index.php?rest_route=\/wp\/v2\/users\/1"}],"replies":[{"embeddable":true,"href":"https:\/\/kiwikerstin.musikundsprachen.de\/index.php?rest_route=%2Fwp%2Fv2%2Fcomments&post=234"}],"version-history":[{"count":5,"href":"https:\/\/kiwikerstin.musikundsprachen.de\/index.php?rest_route=\/wp\/v2\/pages\/234\/revisions"}],"predecessor-version":[{"id":726,"href":"https:\/\/kiwikerstin.musikundsprachen.de\/index.php?rest_route=\/wp\/v2\/pages\/234\/revisions\/726"}],"wp:attachment":[{"href":"https:\/\/kiwikerstin.musikundsprachen.de\/index.php?rest_route=%2Fwp%2Fv2%2Fmedia&parent=234"}],"curies":[{"name":"wp","href":"https:\/\/api.w.org\/{rel}","templated":true}]}}