{"id":218,"date":"2017-09-14T14:36:20","date_gmt":"2017-09-14T14:36:20","guid":{"rendered":"http:\/\/kiwikerstin.musikundsprachen.de\/?page_id=218"},"modified":"2019-02-07T07:33:55","modified_gmt":"2019-02-07T07:33:55","slug":"buchempfehlungen","status":"publish","type":"page","link":"https:\/\/kiwikerstin.musikundsprachen.de\/?page_id=218","title":{"rendered":"Buchempfehlungen"},"content":{"rendered":"<h1>Auslandsjahr, Abitur in Neuseeland<\/h1>\n\n<table id=\"tablepress-1\" class=\"tablepress tablepress-id-1\">\n<thead>\n<tr class=\"row-1 odd\">\n\t<th class=\"column-1\">Buch<\/th><th class=\"column-2\">Beschreibung*<\/th>\n<\/tr>\n<\/thead>\n<tbody class=\"row-hover\">\n<tr class=\"row-2 even\">\n\t<td class=\"column-1\"><iframe style=\"width: 120px; height: 240px;\" src=\"\/\/ws-eu.amazon-adsystem.com\/widgets\/q?ServiceVersion=20070822&amp;OneJS=1&amp;Operation=GetAdHtml&amp;MarketPlace=DE&amp;source=ac&amp;ref=qf_sp_asin_til&amp;ad_type=product_link&amp;tracking_id=sul0102-21&amp;marketplace=amazon&amp;region=DE&amp;placement=3742301055&amp;asins=3742301055&amp;linkId=e2611bbca613ce1ef21c804effcff431&amp;show_border=true&amp;link_opens_in_new_window=true&amp;price_color=333333&amp;title_color=0066c0&amp;bg_color=ffffff\" width=\"300\" height=\"150\" frameborder=\"0\" marginwidth=\"0\" marginheight=\"0\" scrolling=\"no\"><br \/>\n<\/iframe><\/td><td class=\"column-2\">Sie sind zu acht und sie sind auf der ganzen Welt zu Hause. Ob Costa Rica, Thailand, Kanada, Australien, Marokko oder La Palma \u2013 die Sundance-Familie ...<\/td>\n<\/tr>\n<tr class=\"row-3 odd\">\n\t<td class=\"column-1\"><iframe style=\"width: 120px; height: 240px;\" src=\"\/\/ws-eu.amazon-adsystem.com\/widgets\/q?ServiceVersion=20070822&amp;OneJS=1&amp;Operation=GetAdHtml&amp;MarketPlace=DE&amp;source=ac&amp;ref=tf_til&amp;ad_type=product_link&amp;tracking_id=sul0102-21&amp;marketplace=amazon&amp;region=DE&amp;placement=3442158362&amp;asins=3442158362&amp;linkId=17b147a34d761717d2ea7ad96f4f0f99&amp;show_border=true&amp;link_opens_in_new_window=true&amp;price_color=333333&amp;title_color=0066c0&amp;bg_color=ffffff\" width=\"300\" height=\"150\" frameborder=\"0\" marginwidth=\"0\" marginheight=\"0\" scrolling=\"no\"><br \/>\n<\/iframe><\/td><td class=\"column-2\">Zwei Erwachsene, zwei Kinder, vier Kontinente. Die Journalistin Alexandra Frank war f\u00fcnf Monate lang mit Mann, Baby und Kleinkind unterwegs auf Weltreise. Von S\u00fcdamerika \u00fcber Neuseeland ...<\/td>\n<\/tr>\n<tr class=\"row-4 even\">\n\t<td class=\"column-1\"><iframe style=\"width: 120px; height: 240px;\" src=\"\/\/ws-eu.amazon-adsystem.com\/widgets\/q?ServiceVersion=20070822&amp;OneJS=1&amp;Operation=GetAdHtml&amp;MarketPlace=DE&amp;source=ac&amp;ref=tf_til&amp;ad_type=product_link&amp;tracking_id=sul0102-21&amp;marketplace=amazon&amp;region=DE&amp;placement=3608938362&amp;asins=3608938362&amp;linkId=fdbeaa0f119dbe32e664ecc75593f960&amp;show_border=true&amp;link_opens_in_new_window=true&amp;price_color=333333&amp;title_color=0066c0&amp;bg_color=ffffff\" width=\"300\" height=\"150\" frameborder=\"0\" marginwidth=\"0\" marginheight=\"0\" scrolling=\"no\"><\/iframe><br \/>\n<\/td><td class=\"column-2\">Ein Reisebegleiter der besonderen Art ist der \u00bbReisef\u00fchrer zu den Schaupl\u00e4tzen\u00ab von \u00bbDer Herr der Ringe\u00ab f\u00fcr alle, die Mittelerde bereisen m\u00f6chten. Die Karten mit Wegbeschreibungen zu den Drehorten sowie viele weitere Informationen zu Neuseeland ...<\/td>\n<\/tr>\n<tr class=\"row-5 odd\">\n\t<td class=\"column-1\"><iframe style=\"width: 120px; height: 240px;\" src=\"\/\/ws-eu.amazon-adsystem.com\/widgets\/q?ServiceVersion=20070822&amp;OneJS=1&amp;Operation=GetAdHtml&amp;MarketPlace=DE&amp;source=ac&amp;ref=tf_til&amp;ad_type=product_link&amp;tracking_id=sul0102-21&amp;marketplace=amazon&amp;region=DE&amp;placement=B008S3GL0E&amp;asins=B008S3GL0E&amp;linkId=8deb246eea9f0160a21bce02459673c1&amp;show_border=true&amp;link_opens_in_new_window=true&amp;price_color=333333&amp;title_color=0066c0&amp;bg_color=ffffff\" width=\"300\" height=\"150\" frameborder=\"0\" marginwidth=\"0\" marginheight=\"0\" scrolling=\"no\"><br \/>\n<\/iframe><\/td><td class=\"column-2\">In einem Caf\u00e9 mitten im Nirgendwo wird John mit 3 Sinnfragen konfrontiert. \u00bbDie M\u00f6we Jonathan f\u00fcr das neue Jahrtausend.\u00ab ...<\/td>\n<\/tr>\n<\/tbody>\n<\/table>\n<!-- #tablepress-1 from cache -->\n<p>*ausf\u00fchrliche Beschreibung siehe unter Bildlink bzw. auf www.amazon.de<\/p>\n","protected":false},"excerpt":{"rendered":"<p>Auslandsjahr, Abitur in Neuseeland *ausf\u00fchrliche Beschreibung siehe unter Bildlink bzw. auf www.amazon.de<\/p>\n","protected":false},"author":1,"featured_media":0,"parent":0,"menu_order":0,"comment_status":"closed","ping_status":"closed","template":"","meta":{"spay_email":""},"jetpack_sharing_enabled":true,"jetpack_shortlink":"https:\/\/wp.me\/PaGcX1-3w","jetpack_likes_enabled":true,"_links":{"self":[{"href":"https:\/\/kiwikerstin.musikundsprachen.de\/index.php?rest_route=\/wp\/v2\/pages\/218"}],"collection":[{"href":"https:\/\/kiwikerstin.musikundsprachen.de\/index.php?rest_route=\/wp\/v2\/pages"}],"about":[{"href":"https:\/\/kiwikerstin.musikundsprachen.de\/index.php?rest_route=\/wp\/v2\/types\/page"}],"author":[{"embeddable":true,"href":"https:\/\/kiwikerstin.musikundsprachen.de\/index.php?rest_route=\/wp\/v2\/users\/1"}],"replies":[{"embeddable":true,"href":"https:\/\/kiwikerstin.musikundsprachen.de\/index.php?rest_route=%2Fwp%2Fv2%2Fcomments&post=218"}],"version-history":[{"count":8,"href":"https:\/\/kiwikerstin.musikundsprachen.de\/index.php?rest_route=\/wp\/v2\/pages\/218\/revisions"}],"predecessor-version":[{"id":724,"href":"https:\/\/kiwikerstin.musikundsprachen.de\/index.php?rest_route=\/wp\/v2\/pages\/218\/revisions\/724"}],"wp:attachment":[{"href":"https:\/\/kiwikerstin.musikundsprachen.de\/index.php?rest_route=%2Fwp%2Fv2%2Fmedia&parent=218"}],"curies":[{"name":"wp","href":"https:\/\/api.w.org\/{rel}","templated":true}]}}